{"id":5403,"date":"2026-03-02T05:06:06","date_gmt":"2026-03-02T05:06:06","guid":{"rendered":"https:\/\/marinatisanas.mantarraya.com.mx\/?page_id=5403"},"modified":"2026-03-11T06:07:12","modified_gmt":"2026-03-11T06:07:12","slug":"puntos-de-venta","status":"publish","type":"page","link":"https:\/\/marinatisanas.mantarraya.com.mx\/en\/puntos-de-venta\/","title":{"rendered":"Points of sale"},"content":{"rendered":"<div class=\"wpb-content-wrapper\"><div class=\"vc_row wpb_row vc_row-fluid\"><div class=\"wpb_column vc_column_container vc_col-sm-12\"><div class=\"vc_column-inner\"><div class=\"wpb_wrapper\">\n\t<div class=\"wpb_text_column wpb_content_element\" >\n\t\t<div class=\"wpb_wrapper\">\n\t\t\t    <div id=\"msl-container\" style=\"max-width: 1200px; margin: 0 auto;\">\n        <div style=\"display: flex; gap: 20px; margin-bottom: 20px;\">\n            <select id=\"msl-estado\" style=\"width: 50%; padding: 10px;\">\n                <option value=\"\">1. Selecciona un Estado<\/option>\n                                    <option value=\"Baja California Sur\">Baja California Sur<\/option>\n                                    <option value=\"CDMX\">CDMX<\/option>\n                                    <option value=\"Chiapas\">Chiapas<\/option>\n                                    <option value=\"Chihuahua\">Chihuahua<\/option>\n                                    <option value=\"Coahuila\">Coahuila<\/option>\n                                    <option value=\"Durango\">Durango<\/option>\n                                    <option value=\"Estado de M\u00e9xico\">Estado de M\u00e9xico<\/option>\n                                    <option value=\"Guanajuato\">Guanajuato<\/option>\n                                    <option value=\"Hidalgo\">Hidalgo<\/option>\n                                    <option value=\"Jalisco\">Jalisco<\/option>\n                                    <option value=\"Michoac\u00e1n\">Michoac\u00e1n<\/option>\n                                    <option value=\"Morelos\">Morelos<\/option>\n                                    <option value=\"Nuevo Le\u00f3n\">Nuevo Le\u00f3n<\/option>\n                                    <option value=\"Oaxaca\">Oaxaca<\/option>\n                                    <option value=\"Puebla\">Puebla<\/option>\n                                    <option value=\"Quer\u00e9taro\">Quer\u00e9taro<\/option>\n                                    <option value=\"Quintana Roo\">Quintana Roo<\/option>\n                                    <option value=\"San Luis Potosi\">San Luis Potosi<\/option>\n                                    <option value=\"Tlaxcala\">Tlaxcala<\/option>\n                                    <option value=\"Veracruz\">Veracruz<\/option>\n                                    <option value=\"Yucat\u00e1n\">Yucat\u00e1n<\/option>\n                                    <option value=\"Zacatecas\">Zacatecas<\/option>\n                            <\/select>\n\n            <select id=\"msl-tienda\" disabled style=\"width: 50%; padding: 10px;\">\n                <option value=\"\">2. Selecciona una Tienda<\/option>\n                                    <option value=\"Alsuper Fresh Market\">Alsuper Fresh Market<\/option>\n                                    <option value=\"Alsuper Plus\">Alsuper Plus<\/option>\n                                    <option value=\"Coffee Market\">Coffee Market <\/option>\n                                    <option value=\"Elbrao\">Elbrao<\/option>\n                                    <option value=\"HEB\">HEB<\/option>\n                                    <option value=\"INCOVIC\">INCOVIC<\/option>\n                                    <option value=\"Konool\">Integradora Mercantil Konool<\/option>\n                                    <option value=\"Kitchen Experts\">Kitchen Experts<\/option>\n                                    <option value=\"MARINA\">MARINA<\/option>\n                                    <option value=\"M\u00e1s Sabor\">M\u00e1s Sabor<\/option>\n                                    <option value=\"Sam&amp;apos;s Club\">Sam&amp;apos;s Club<\/option>\n                                    <option value=\"ValBar\">ValBar Coffee Shop<\/option>\n                                    <option value=\"Walmart Express\">Walmart Express<\/option>\n                            <\/select>\n        <\/div>\n        \n        <div style=\"display:flex; flex-wrap: wrap; gap: 20px;\">\n            <div id=\"msl-lista\" style=\"flex: 1; min-width: 300px; max-height: 500px; overflow-y: auto; padding-right: 10px;\">\n                <p>Selecciona un estado para ver las tiendas.<\/p>\n            <\/div>\n            <div id=\"msl-mapa\" style=\"flex: 2; min-width: 300px; height: 500px; background:#e5e3df; border-radius: 8px;\"><\/div>\n        <\/div>\n    <\/div>\n    \n\n\t\t<\/div>\n\t<\/div>\n<\/div><\/div><\/div><\/div>\n<\/div>","protected":false},"excerpt":{"rendered":"1. Selecciona un Estado Baja California Sur CDMX Chiapas Chihuahua Coahuila Durango Estado de M\u00e9xico Guanajuato Hidalgo Jalisco Michoac\u00e1n Morelos Nuevo Le\u00f3n Oaxaca Puebla Quer\u00e9taro Quintana Roo San Luis Potosi [...]","protected":false},"author":1,"featured_media":0,"parent":0,"menu_order":0,"comment_status":"closed","ping_status":"closed","template":"","meta":{"_acf_changed":false,"footnotes":""},"class_list":["post-5403","page","type-page","status-publish","hentry"],"acf":[],"_links":{"self":[{"href":"https:\/\/marinatisanas.mantarraya.com.mx\/en\/wp-json\/wp\/v2\/pages\/5403","targetHints":{"allow":["GET"]}}],"collection":[{"href":"https:\/\/marinatisanas.mantarraya.com.mx\/en\/wp-json\/wp\/v2\/pages"}],"about":[{"href":"https:\/\/marinatisanas.mantarraya.com.mx\/en\/wp-json\/wp\/v2\/types\/page"}],"author":[{"embeddable":true,"href":"https:\/\/marinatisanas.mantarraya.com.mx\/en\/wp-json\/wp\/v2\/users\/1"}],"replies":[{"embeddable":true,"href":"https:\/\/marinatisanas.mantarraya.com.mx\/en\/wp-json\/wp\/v2\/comments?post=5403"}],"version-history":[{"count":4,"href":"https:\/\/marinatisanas.mantarraya.com.mx\/en\/wp-json\/wp\/v2\/pages\/5403\/revisions"}],"predecessor-version":[{"id":5506,"href":"https:\/\/marinatisanas.mantarraya.com.mx\/en\/wp-json\/wp\/v2\/pages\/5403\/revisions\/5506"}],"wp:attachment":[{"href":"https:\/\/marinatisanas.mantarraya.com.mx\/en\/wp-json\/wp\/v2\/media?parent=5403"}],"curies":[{"name":"wp","href":"https:\/\/api.w.org\/{rel}","templated":true}]}}